{"id":15,"date":"2015-06-08T16:50:50","date_gmt":"2015-06-08T16:50:50","guid":{"rendered":"https:\/\/www.hostalelgrial.com\/?page_id=15"},"modified":"2015-06-10T04:20:14","modified_gmt":"2015-06-10T04:20:14","slug":"servicios","status":"publish","type":"page","link":"https:\/\/www.hostalelgrial.com\/fr\/autres-servives\/","title":{"rendered":"Autres Servives"},"content":{"rendered":"<p><\/p>\n<table class=\"tServicios\" cellspacing=\"0\" cellpadding=\"0\">\n<tbody>\n<tr>\n<td>\n<h3>SERVICIOS EN LAS HABITACIONES<\/h3>\n<p>On y dispose de toute l\u2019information et des moyens n\u00e9cessaires pour organiser les meilleures excursions ou de l\u2019aide dont vous aurez besoin pour les organiser vous-m\u00eame.<\/p>\n<p>En plus de toutes les autres commodit\u00e9s, l\u2019h\u00f4tel dispose aussi d\u2019un balcon avec vue panoramique sur la ville, d\u2019un salon avec t\u00e9l\u00e9viseur c\u00e2bl\u00e9 et magn\u00e9toscope et de chambres avec salle de bains priv\u00e9e.<\/p>\n<p>Les autres services incluent une caf\u00e9t\u00e9ria, une laverie, l\u2019eau chaude 24 heures sur 24, un fax, un t\u00e9l\u00e9phone, un coffre-fort gratuit, un d\u00e9p\u00f4t de bagages, un service d\u2019\u00e9change de livres et les meilleurs prix en ville.<\/p>\n<p>On y offre \u00e9galement des le\u00e7ons d\u2019espagnol priv\u00e9es ou en petits groupes ainsi que des circuits \u00e9sot\u00e9riques dans les zones sacr\u00e9es des Incas. Pour plus d\u2019informations, consultez la page sur les services touristiques.<\/td>\n<td><img loading=\"lazy\" class=\"alignnone size-full wp-image-50\" src=\"https:\/\/www.hostalelgrial.com\/wp-content\/uploads\/2015\/06\/servicios-habitaciones.jpg\" alt=\"servicios-habitaciones\" width=\"601\" height=\"368\" srcset=\"https:\/\/www.hostalelgrial.com\/wp-content\/uploads\/2015\/06\/servicios-habitaciones.jpg 601w, https:\/\/www.hostalelgrial.com\/wp-content\/uploads\/2015\/06\/servicios-habitaciones-300x184.jpg 300w\" sizes=\"(max-width: 601px) 100vw, 601px\" \/><\/td>\n<\/tr>\n<\/tbody>\n<\/table>\n<p><\/p>","protected":false},"excerpt":{"rendered":"<p>SERVICIOS EN LAS HABITACIONES On y dispose de toute l\u2019information et des moyens n\u00e9cessaires pour organiser les meilleures excursions ou de l\u2019aide dont vous aurez besoin pour les organiser vous-m\u00eame. En plus de toutes les autres commodit\u00e9s, l\u2019h\u00f4tel dispose aussi d\u2019un balcon avec vue panoramique sur la ville, d\u2019un salon avec t\u00e9l\u00e9viseur c\u00e2bl\u00e9 et magn\u00e9toscope [&hellip;]<\/p>\n","protected":false},"author":3,"featured_media":0,"parent":0,"menu_order":0,"comment_status":"open","ping_status":"open","template":"","meta":[],"_links":{"self":[{"href":"https:\/\/www.hostalelgrial.com\/fr\/wp-json\/wp\/v2\/pages\/15"}],"collection":[{"href":"https:\/\/www.hostalelgrial.com\/fr\/wp-json\/wp\/v2\/pages"}],"about":[{"href":"https:\/\/www.hostalelgrial.com\/fr\/wp-json\/wp\/v2\/types\/page"}],"author":[{"embeddable":true,"href":"https:\/\/www.hostalelgrial.com\/fr\/wp-json\/wp\/v2\/users\/3"}],"replies":[{"embeddable":true,"href":"https:\/\/www.hostalelgrial.com\/fr\/wp-json\/wp\/v2\/comments?post=15"}],"version-history":[{"count":9,"href":"https:\/\/www.hostalelgrial.com\/fr\/wp-json\/wp\/v2\/pages\/15\/revisions"}],"predecessor-version":[{"id":94,"href":"https:\/\/www.hostalelgrial.com\/fr\/wp-json\/wp\/v2\/pages\/15\/revisions\/94"}],"wp:attachment":[{"href":"https:\/\/www.hostalelgrial.com\/fr\/wp-json\/wp\/v2\/media?parent=15"}],"curies":[{"name":"wp","href":"https:\/\/api.w.org\/{rel}","templated":true}]}}