{"id":13,"date":"2015-06-08T16:50:26","date_gmt":"2015-06-08T16:50:26","guid":{"rendered":"https:\/\/www.hostalelgrial.com\/?page_id=13"},"modified":"2015-06-10T03:52:50","modified_gmt":"2015-06-10T03:52:50","slug":"nosotros","status":"publish","type":"page","link":"https:\/\/www.hostalelgrial.com\/fr\/hotel-el-grial\/","title":{"rendered":"Hotel El Grial"},"content":{"rendered":"<p><strong><img loading=\"lazy\" class=\"alignright size-full wp-image-48\" src=\"https:\/\/www.hostalelgrial.com\/wp-content\/uploads\/2015\/06\/nosotros.jpg\" alt=\"nosotros\" width=\"413\" height=\"503\" srcset=\"https:\/\/www.hostalelgrial.com\/wp-content\/uploads\/2015\/06\/nosotros.jpg 413w, https:\/\/www.hostalelgrial.com\/wp-content\/uploads\/2015\/06\/nosotros-246x300.jpg 246w\" sizes=\"(max-width: 413px) 100vw, 413px\" \/><\/strong>El Grial est un h\u00f4tel 2 \u00e9toiles relativement r\u00e9cent, en service depuis juin 1998. Il se trouve dans une demeure antique datant du 17i\u00e8me si\u00e8cle du quartier San Blas, le quartier des artisans, \u00e0 seulement 5 blocs de la place principale, la Plaza de Armas de Cusco. Avant d\u2019ouvrir au public, la demeure fut soumise \u00e0 une r\u00e9novation minutieuse pendant trois ans (1995-1998) pour la restaurer \u00e0 son style colonial d\u2019antan, utilisant des mat\u00e9riaux d\u2019origine tels que l\u2019argile et le bois, ce qui lui donne une atmosph\u00e8re chaleureuse et naturelle. C\u2019est un endroit paisible et id\u00e9al pour se ressourcer, d\u2019o\u00f9 son nom, El Grial, signifiant Le Graal tant recherch\u00e9.<\/p>\n<p>S\u00e9journer \u00e0 El Grial va au-del\u00e0 d\u2019une chambre confortable. Cela signifie aussi faire partie d\u2019une famille dont les membres sont Yedira, Fernando et leurs filles Angela (n\u00e9e en mars 2000) et Camilia Sofia (n\u00e9e le 21 avril 2003), le personnel de l\u2019h\u00f4tel ainsi que tous les autres voyageurs. Tous offrent leur affection pour mettre les visiteurs \u00e0 l\u2019aise. \u00c0 part l\u2019espagnol, on y parle \u00e9galement l\u2019anglais et le fran\u00e7ais, ce qui facilite la communication avec les visiteurs \u00e9trangers.<\/p>","protected":false},"excerpt":{"rendered":"<p>El Grial est un h\u00f4tel 2 \u00e9toiles relativement r\u00e9cent, en service depuis juin 1998. Il se trouve dans une demeure antique datant du 17i\u00e8me si\u00e8cle du quartier San Blas, le quartier des artisans, \u00e0 seulement 5 blocs de la place principale, la Plaza de Armas de Cusco. Avant d\u2019ouvrir au public, la demeure fut soumise [&hellip;]<\/p>\n","protected":false},"author":3,"featured_media":0,"parent":0,"menu_order":0,"comment_status":"open","ping_status":"open","template":"","meta":[],"_links":{"self":[{"href":"https:\/\/www.hostalelgrial.com\/fr\/wp-json\/wp\/v2\/pages\/13"}],"collection":[{"href":"https:\/\/www.hostalelgrial.com\/fr\/wp-json\/wp\/v2\/pages"}],"about":[{"href":"https:\/\/www.hostalelgrial.com\/fr\/wp-json\/wp\/v2\/types\/page"}],"author":[{"embeddable":true,"href":"https:\/\/www.hostalelgrial.com\/fr\/wp-json\/wp\/v2\/users\/3"}],"replies":[{"embeddable":true,"href":"https:\/\/www.hostalelgrial.com\/fr\/wp-json\/wp\/v2\/comments?post=13"}],"version-history":[{"count":3,"href":"https:\/\/www.hostalelgrial.com\/fr\/wp-json\/wp\/v2\/pages\/13\/revisions"}],"predecessor-version":[{"id":89,"href":"https:\/\/www.hostalelgrial.com\/fr\/wp-json\/wp\/v2\/pages\/13\/revisions\/89"}],"wp:attachment":[{"href":"https:\/\/www.hostalelgrial.com\/fr\/wp-json\/wp\/v2\/media?parent=13"}],"curies":[{"name":"wp","href":"https:\/\/api.w.org\/{rel}","templated":true}]}}